{"id":78,"date":"2021-03-06T13:44:16","date_gmt":"2021-03-06T12:44:16","guid":{"rendered":"https:\/\/maremarbenidorm.wordpress.com\/?page_id=78"},"modified":"2021-04-13T18:22:33","modified_gmt":"2021-04-13T18:22:33","slug":"faq","status":"publish","type":"page","link":"https:\/\/maremarbenidorm.com\/index.php\/faq\/","title":{"rendered":"FAQ"},"content":{"rendered":"\n<p class=\"has-text-align-center\"><\/p>\n\n\n\n<div class=\"wp-block-cover has-background-dim is-style-bottom-wave\"><img decoding=\"async\" loading=\"lazy\" width=\"2560\" height=\"1211\" class=\"wp-block-cover__image-background wp-image-123\" alt=\"\" src=\"https:\/\/maremarbenidorm.com\/wp-content\/uploads\/2021\/03\/20200503_204133-scaled.jpg\" data-object-fit=\"cover\" srcset=\"https:\/\/maremarbenidorm.com\/wp-content\/uploads\/2021\/03\/20200503_204133-scaled.jpg 2560w, https:\/\/maremarbenidorm.com\/wp-content\/uploads\/2021\/03\/20200503_204133-300x142.jpg 300w, https:\/\/maremarbenidorm.com\/wp-content\/uploads\/2021\/03\/20200503_204133-1024x485.jpg 1024w, https:\/\/maremarbenidorm.com\/wp-content\/uploads\/2021\/03\/20200503_204133-768x363.jpg 768w, https:\/\/maremarbenidorm.com\/wp-content\/uploads\/2021\/03\/20200503_204133-1536x727.jpg 1536w, https:\/\/maremarbenidorm.com\/wp-content\/uploads\/2021\/03\/20200503_204133-2048x969.jpg 2048w, https:\/\/maremarbenidorm.com\/wp-content\/uploads\/2021\/03\/20200503_204133-1568x742.jpg 1568w\" sizes=\"(max-width: 2560px) 100vw, 2560px\" \/><div class=\"wp-block-cover__inner-container is-layout-flow wp-block-cover-is-layout-flow\">\n<p class=\"has-text-align-center has-white-color has-text-color has-large-font-size\">Aqu\u00ed encontrar\u00e1s la respuesta a las preguntas m\u00e1s frecuentes. <\/p>\n\n\n\n<p class=\"has-text-align-center has-white-color has-text-color has-large-font-size\">Si necesitas cualquier otra informaci\u00f3n no dudes en ponerte en contacto con nosotros<\/p>\n\n\n\n<p class=\"has-text-align-center has-white-color has-text-color has-large-font-size\">\u00a1Estaremos encantados de ayudarte!<\/p>\n<\/div><\/div>\n\n\n\n<p class=\"has-text-align-center\"><\/p>\n\n\n\n<div style=\"height:32px\" aria-hidden=\"true\" class=\"wp-block-spacer\"><\/div>\n\n\n\n<hr class=\"wp-block-separator\"\/>\n\n\n\n<div class=\"wp-block-group alignfull\"><div class=\"wp-block-group__inner-container is-layout-flow wp-block-group-is-layout-flow\">\n<div style=\"height:32px\" aria-hidden=\"true\" class=\"wp-block-spacer\"><\/div>\n\n\n\n<h1 class=\"has-text-align-center wp-block-heading\">Recepci\u00f3n y llegada<\/h1>\n\n\n\n<div style=\"height:20px\" aria-hidden=\"true\" class=\"wp-block-spacer\"><\/div>\n\n\n\n<div class=\"wp-block-columns alignwide is-layout-flex wp-container-5 wp-block-columns-is-layout-flex\">\n<div class=\"wp-block-column is-layout-flow wp-block-column-is-layout-flow\">\n<p><strong>Recogida de llaves<br><\/strong><em>La recogida se realiza en los apartamentos donde os estaremos esperando. Para quedar con nosotros pod\u00e9is escribirnos por WhatsApp o llamarnos al +34 644 976 613<\/em><\/p>\n<\/div>\n\n\n\n<div class=\"wp-block-column is-layout-flow wp-block-column-is-layout-flow\">\n<p><strong><strong>Hora de llegada y salida<\/strong><br><\/strong><em>El check-in ser\u00e1 a partir de las 15h y el check out a las 12h.<\/em><\/p>\n\n\n\n<p><em><em>Os estaremos esperando a la hora que llegu\u00e9is pero si es fuera de horario o no podemos estar, abriremos de forma remota la puerta principal a vuestra llegada y podr\u00e9is recoger las llaves en un buz\u00f3n junto a la puerta de vuestro apartamento.<\/em><\/em><\/p>\n\n\n\n<p><\/p>\n<\/div>\n\n\n\n<div class=\"wp-block-column is-layout-flow wp-block-column-is-layout-flow\">\n<p><strong>Equipaje y late check out<br><\/strong><em>Puedes dejar el equipaje con nosotros tanto a la llegada hasta que est\u00e9 tu apartamento disponible, como a la salida.<\/em><\/p>\n\n\n\n<p><em>Si te interesa quedarte m\u00e1s tiempo el d\u00eda de salida cons\u00faltalo con nosotros el d\u00eda de tu llegada.<\/em><\/p>\n\n\n\n<p><em> \u00a1Aprovecha al m\u00e1ximo tu estancia!<\/em><\/p>\n<\/div>\n<\/div>\n\n\n\n<div class=\"wp-block-columns alignwide is-layout-flex wp-container-8 wp-block-columns-is-layout-flex\">\n<div class=\"wp-block-column is-layout-flow wp-block-column-is-layout-flow\">\n<p><strong>Fianza<br><\/strong><em>Nuestra casa es vuestra casa y nos gusta que encontr\u00e9is los apartamentos en perfectas condiciones. Todos los apartamentos son revisados a la entrada y a la salida de nuestros hu\u00e9spedes para asegurarnos que  no ha habido ning\u00fan problema o rotura durante la estancia. La fianza de 100 euros que se retiene a vuestra llegada ser\u00e1 devuelta tras el check out. <\/em><\/p>\n<\/div>\n\n\n\n<div class=\"wp-block-column is-layout-flow wp-block-column-is-layout-flow\">\n<p><strong>Vecindario <br><\/strong><em><em>Nuestro edificio est\u00e1 situado en pleno centro de Benidorm, con un vecindario muy poco tur\u00edstico y muy tranquilo. Para respetar la zona no se permiten fiestas ni despedidas de solteros en los apartamentos. As\u00ed mismo se tendr\u00e1 muy presente la normativa municipal de ruidos. Queremos que vuestra estancia sea tranquila y haremos todo lo posible por cumplirlo.<\/em><\/em><\/p>\n<\/div>\n<\/div>\n\n\n\n<div style=\"height:32px\" aria-hidden=\"true\" class=\"wp-block-spacer\"><\/div>\n<\/div><\/div>\n\n\n\n<hr class=\"wp-block-separator\"\/>\n\n\n\n<div class=\"wp-block-group alignfull\"><div class=\"wp-block-group__inner-container is-layout-flow wp-block-group-is-layout-flow\">\n<div style=\"height:32px\" aria-hidden=\"true\" class=\"wp-block-spacer\"><\/div>\n\n\n\n<h1 class=\"has-text-align-center wp-block-heading\">Servicios de las habitaciones <\/h1>\n\n\n\n<div style=\"height:20px\" aria-hidden=\"true\" class=\"wp-block-spacer\"><\/div>\n\n\n\n<div class=\"wp-block-columns alignwide is-layout-flex wp-container-13 wp-block-columns-is-layout-flex\">\n<div class=\"wp-block-column is-layout-flow wp-block-column-is-layout-flow\">\n<p><strong>Wifi<br><\/strong><i>Todos los apartamentos disponen de red wifi y de Smart TV con Netflix<\/i> <\/p>\n<\/div>\n\n\n\n<div class=\"wp-block-column is-layout-flow wp-block-column-is-layout-flow\">\n<p><strong>S\u00e1banas y toallas<\/strong><br><em>Los apartamentos disponen de toallas y s\u00e1banas que son desinfectados por un servicio de lavander\u00eda industrial<\/em>. <\/p>\n\n\n\n<p><em>Para las estancias de m\u00e1s de una semana se proporcionar\u00e1 cambio de ropa de cama y toallas<\/em><\/p>\n<\/div>\n\n\n\n<div class=\"wp-block-column is-layout-flow wp-block-column-is-layout-flow\">\n<p><strong>Equipamiento de las cocinas<\/strong><br><em>Las cocinas est\u00e1n totalmente equipadas con vajilla y \u00fatiles de cocina. Cuentan con microondas con grill, nevera, vitrocer\u00e1mica y lavavajillas. <\/em><\/p>\n\n\n\n<p><em>Todos los apartamentos disponen de lavadora propia, tendedero, plancha y tabla de planchar. <\/em><\/p>\n<\/div>\n<\/div>\n\n\n\n<div class=\"wp-block-columns alignwide is-layout-flex wp-container-17 wp-block-columns-is-layout-flex\">\n<div class=\"wp-block-column is-layout-flow wp-block-column-is-layout-flow\">\n<p><strong>Equipamiento de ba\u00f1os <br><\/strong><em>Tenemos ba\u00f1os con ducha o ba\u00f1era, y todos incluyen toallas y secador de pelo<\/em>.<\/p>\n\n\n\n<p><em>Adem\u00e1s proporcionamos amenities de champ\u00fa, gel de ducha y papel higi\u00e9nico.<\/em><\/p>\n<\/div>\n\n\n\n<div class=\"wp-block-column is-layout-flow wp-block-column-is-layout-flow\">\n<p><strong>Accesibilidad minusv\u00e1lidos <br><\/strong><em>Nuestros apartamentos son totalmente accesibles a minusv\u00e1lidos. Uno de nuestros apartamentos est\u00e1 adaptado e incluye servicio de emergencias, ba\u00f1o adaptado y cocina accesible.<\/em><\/p>\n\n\n\n<p><em>Ponte en contacto con nosotros para realizar la reserva especifica de este apartamento. <\/em><\/p>\n<\/div>\n\n\n\n<div class=\"wp-block-column is-layout-flow wp-block-column-is-layout-flow\">\n<p><strong>Servicios extra<\/strong><br><em>Los apartamentos cuentan con un servicio de cajas fuertes y de alquiler carritos y cunas para los peques de la casa. Si est\u00e1is interesados no dud\u00e9is en poneros en contacto con nosotros antes de vuestra llegada para tenerlo todo preparado. <\/em><\/p>\n<\/div>\n<\/div>\n\n\n\n<div style=\"height:32px\" aria-hidden=\"true\" class=\"wp-block-spacer\"><\/div>\n<\/div><\/div>\n\n\n\n<hr class=\"wp-block-separator\"\/>\n\n\n\n<div class=\"wp-block-group alignfull\"><div class=\"wp-block-group__inner-container is-layout-flow wp-block-group-is-layout-flow\">\n<div style=\"height:32px\" aria-hidden=\"true\" class=\"wp-block-spacer\"><\/div>\n\n\n\n<h1 class=\"has-text-align-center wp-block-heading\">Acceso<\/h1>\n\n\n\n<div style=\"height:20px\" aria-hidden=\"true\" class=\"wp-block-spacer\"><\/div>\n\n\n\n<div class=\"wp-block-columns alignwide is-layout-flex wp-container-21 wp-block-columns-is-layout-flex\">\n<div class=\"wp-block-column is-layout-flow wp-block-column-is-layout-flow\">\n<p><strong>Acceso en coche <\/strong><br><em>Los apartamentos tienen una localizaci\u00f3n perfetca, en una zona peatonal muy tranquila, en pleno casco antiguo.  Los aparcamientos m\u00e1s cercanos est\u00e1n a menos de 200 metros<\/em>.<\/p>\n\n\n\n<p><a href=\"https:\/\/www.parkingruzafa.com\/\">https:\/\/www.parkingruzafa.com\/<\/a><\/p>\n\n\n\n<p><a href=\"https:\/\/aparcamientosaljamil.com\/busca-tu-parking\/parking-mercado\/\">https:\/\/aparcamientosaljamil.com\/busca-tu-parking\/parking-mercado\/<\/a><\/p>\n\n\n\n<p><\/p>\n<\/div>\n\n\n\n<div class=\"wp-block-column is-layout-flow wp-block-column-is-layout-flow\">\n<p><strong>Lanzadera AVE<\/strong><br><em>El AVE llega hasta Alicante y tiene un servicio de autobuses lanzadera, proporcionado por la empresa ALSA, que dispone de 4 paradas en Benidorm. La m\u00e1s cercana a Maremar se encuentra en la Avenida Jaime I (a 600 metros de Maremar).<\/em><\/p>\n<\/div>\n<\/div>\n\n\n\n<div class=\"wp-block-columns alignwide is-layout-flex wp-container-24 wp-block-columns-is-layout-flex\">\n<div class=\"wp-block-column is-layout-flow wp-block-column-is-layout-flow\">\n<p><strong>Taxi<\/strong><br><em>El servicio de taxis m\u00e1s cercano se encuentra a 500 metros, en la calle Ruzafa. <\/em><\/p>\n<\/div>\n\n\n\n<div class=\"wp-block-column is-layout-flow wp-block-column-is-layout-flow\">\n<p><strong>Aeropuerto Altet-Elche<\/strong><br><em>Hay autobuses directos desde el aeropuerto de Alicante, gestionados por la empresa ALSA.<\/em> <em>Aproximadamente hay 15 servicios diarios, siendo el primero a las 5:00h y el \u00faltimo a las 22:10h<\/em>.<\/p>\n\n\n\n<p><a href=\"https:\/\/www.alsa.es\/ruta\/benidorm-aeropuerto-alicante-altet\">https:\/\/www.alsa.es\/ruta\/benidorm-aeropuerto-alicante-altet<\/a><\/p>\n<\/div>\n<\/div>\n\n\n\n<div style=\"height:32px\" aria-hidden=\"true\" class=\"wp-block-spacer\"><\/div>\n<\/div><\/div>\n\n\n\n<div style=\"height:20px\" aria-hidden=\"true\" class=\"wp-block-spacer\"><\/div>\n\n\n\n<p class=\"has-vivid-cyan-blue-color has-text-color\">Pulsa aqu\u00ed para consultar nuestras normas de r\u00e9gimen interno.<\/p>\n\n\n\n<a class=\"maxbutton-1 maxbutton maxbutton-reserva-ahora\" target=\"_blank\" rel=\"noopener\" href=\"http:\/\/maremarbenidorm.com\/index.php\/normas-de-regimen-interno\/\"><span class='mb-text'>R\u00e9gimen Interno<\/span><\/a>\n\n\n\n<hr class=\"wp-block-separator\"\/>\n\n\n\n<p class=\"has-text-align-center has-foreground-light-color has-text-color\"><em>&#8230;<\/em>.<\/p>\n","protected":false},"excerpt":{"rendered":"<p>Recepci\u00f3n y llegada Recogida de llavesLa recogida se realiza en los apartamentos donde os estaremos esperando. Para quedar con nosotros pod\u00e9is escribirnos por WhatsApp o llamarnos al +34 644 976 613 Hora de llegada y salidaEl check-in ser\u00e1 a partir de las 15h y el check out a las 12h. Os estaremos esperando a la <a class=\"read-more\" href=\"https:\/\/maremarbenidorm.com\/index.php\/faq\/\">READ MORE<\/a><\/p>\n","protected":false},"author":1,"featured_media":0,"parent":0,"menu_order":0,"comment_status":"closed","ping_status":"closed","template":"template-full-width.php","meta":{"footnotes":""},"_links":{"self":[{"href":"https:\/\/maremarbenidorm.com\/index.php\/wp-json\/wp\/v2\/pages\/78"}],"collection":[{"href":"https:\/\/maremarbenidorm.com\/index.php\/wp-json\/wp\/v2\/pages"}],"about":[{"href":"https:\/\/maremarbenidorm.com\/index.php\/wp-json\/wp\/v2\/types\/page"}],"author":[{"embeddable":true,"href":"https:\/\/maremarbenidorm.com\/index.php\/wp-json\/wp\/v2\/users\/1"}],"replies":[{"embeddable":true,"href":"https:\/\/maremarbenidorm.com\/index.php\/wp-json\/wp\/v2\/comments?post=78"}],"version-history":[{"count":10,"href":"https:\/\/maremarbenidorm.com\/index.php\/wp-json\/wp\/v2\/pages\/78\/revisions"}],"predecessor-version":[{"id":610,"href":"https:\/\/maremarbenidorm.com\/index.php\/wp-json\/wp\/v2\/pages\/78\/revisions\/610"}],"wp:attachment":[{"href":"https:\/\/maremarbenidorm.com\/index.php\/wp-json\/wp\/v2\/media?parent=78"}],"curies":[{"name":"wp","href":"https:\/\/api.w.org\/{rel}","templated":true}]}}