{"id":633,"date":"2021-03-06T13:44:16","date_gmt":"2021-03-06T13:44:16","guid":{"rendered":"https:\/\/maremarbenidorm.wordpress.com\/?page_id=78"},"modified":"2021-05-12T18:32:59","modified_gmt":"2021-05-12T18:32:59","slug":"faq-3","status":"publish","type":"page","link":"https:\/\/maremarbenidorm.com\/index.php\/fr\/faq-3\/","title":{"rendered":"FAQ fr"},"content":{"rendered":"\n<p class=\"has-text-align-center\"><\/p>\n\n\n\n<div class=\"wp-block-cover has-background-dim is-style-bottom-wave\"><img decoding=\"async\" loading=\"lazy\" width=\"2560\" height=\"1211\" class=\"wp-block-cover__image-background wp-image-123\" alt=\"\" src=\"https:\/\/maremarbenidorm.com\/wp-content\/uploads\/2021\/03\/20200503_204133-scaled.jpg\" data-object-fit=\"cover\" srcset=\"https:\/\/maremarbenidorm.com\/wp-content\/uploads\/2021\/03\/20200503_204133-scaled.jpg 2560w, https:\/\/maremarbenidorm.com\/wp-content\/uploads\/2021\/03\/20200503_204133-300x142.jpg 300w, https:\/\/maremarbenidorm.com\/wp-content\/uploads\/2021\/03\/20200503_204133-1024x485.jpg 1024w, https:\/\/maremarbenidorm.com\/wp-content\/uploads\/2021\/03\/20200503_204133-768x363.jpg 768w, https:\/\/maremarbenidorm.com\/wp-content\/uploads\/2021\/03\/20200503_204133-1536x727.jpg 1536w, https:\/\/maremarbenidorm.com\/wp-content\/uploads\/2021\/03\/20200503_204133-2048x969.jpg 2048w, https:\/\/maremarbenidorm.com\/wp-content\/uploads\/2021\/03\/20200503_204133-1568x742.jpg 1568w\" sizes=\"(max-width: 2560px) 100vw, 2560px\" \/><div class=\"wp-block-cover__inner-container is-layout-flow wp-block-cover-is-layout-flow\">\n<p class=\"has-text-align-center has-white-color has-text-color has-large-font-size\">Vous trouverez ici la r\u00e9ponse aux questions les plus fr\u00e9quemment pos\u00e9es. <\/p>\n\n\n\n<p class=\"has-text-align-center has-white-color has-text-color has-large-font-size\">Si vous avez besoin d\u2019autres informations n\u2019h\u00e9sitez pas \u00e0 nous contacter<\/p>\n\n\n\n<p class=\"has-text-align-center has-white-color has-text-color has-large-font-size\">Nous serons heureux de vous aider!<\/p>\n<\/div><\/div>\n\n\n\n<p class=\"has-text-align-center\"><\/p>\n\n\n\n<div style=\"height:32px\" aria-hidden=\"true\" class=\"wp-block-spacer\"><\/div>\n\n\n\n<hr class=\"wp-block-separator\"\/>\n\n\n\n<div class=\"wp-block-group alignfull\"><div class=\"wp-block-group__inner-container is-layout-flow wp-block-group-is-layout-flow\">\n<div style=\"height:32px\" aria-hidden=\"true\" class=\"wp-block-spacer\"><\/div>\n\n\n\n<h1 class=\"has-text-align-center wp-block-heading\">R\u00e9ception et arriv\u00e9e<\/h1>\n\n\n\n<div style=\"height:20px\" aria-hidden=\"true\" class=\"wp-block-spacer\"><\/div>\n\n\n\n<div class=\"wp-block-columns alignwide is-layout-flex wp-container-5 wp-block-columns-is-layout-flex\">\n<div class=\"wp-block-column is-layout-flow wp-block-column-is-layout-flow\">\n<p><strong>Collecte des cl\u00e9<br><\/strong><em>sLa collecte se fait dans les appartements o\u00f9 nous vous attendrons. Pour rester avec nous, vous pouvez nous \u00e9crire sur WhatsApp ou nous appeler au +34 644 976 613<\/em><\/p>\n<\/div>\n\n\n\n<div class=\"wp-block-column is-layout-flow wp-block-column-is-layout-flow\">\n<p><strong><strong>Heure d\u2019arriv\u00e9e et de d\u00e9p<\/strong><br><\/strong><em>artL\u2019enregistrement aura lieu \u00e0 partir de 15h et le d\u00e9part \u00e0 12h.<\/em><\/p>\n\n\n\n<p><em><em>Nous vous attendrons \u00e0 l\u2019heure \u00e0 laquelle vous arrivez, mais si c\u2019est apr\u00e8s les heures d\u2019ouverture ou si nous ne pouvons pas \u00eatre l\u00e0, nous ouvrirons \u00e0 distance la porte d\u2019entr\u00e9e \u00e0 votre arriv\u00e9e et vous pourrez r\u00e9cup\u00e9rer les cl\u00e9s dans une bo\u00eete aux lettres \u00e0 c\u00f4t\u00e9 de la porte de votre appartement.<\/em><\/em><\/p>\n\n\n\n<p><\/p>\n<\/div>\n\n\n\n<div class=\"wp-block-column is-layout-flow wp-block-column-is-layout-flow\">\n<p><strong>Bagages et d\u00e9part tardif<br><\/strong><em>Vous pouvez laisser vos bagages avec nous \u00e0 l\u2019arriv\u00e9e jusqu\u2019\u00e0 ce que votre appartement soit disponible et au d\u00e9part.<\/em><\/p>\n\n\n\n<p><em>Si vous souhaitez rester plus longtemps le jour du d\u00e9part, consultez-le le jour de votre arriv\u00e9e.<\/em><\/p>\n\n\n\n<p><em> Profitez au maximum de votre s\u00e9jour!<\/em><\/p>\n<\/div>\n<\/div>\n\n\n\n<div class=\"wp-block-columns alignwide is-layout-flex wp-container-8 wp-block-columns-is-layout-flex\">\n<div class=\"wp-block-column is-layout-flow wp-block-column-is-layout-flow\">\n<p><strong>Fianz<br><\/strong><em>aNotre maison est votre maison et nous aimons que vous trouviez les appartements en parfait \u00e9tat. Tous les appartements sont v\u00e9rifi\u00e9s \u00e0 l\u2019entr\u00e9e et au d\u00e9part de nos clients pour s\u2019assurer qu\u2019il n\u2019y a pas eu de probl\u00e8me ou de rupture pendant le s\u00e9jour. La caution de 100 euros retenue \u00e0 votre arriv\u00e9e sera rembours\u00e9e apr\u00e8s le d\u00e9part. <\/em><\/p>\n<\/div>\n\n\n\n<div class=\"wp-block-column is-layout-flow wp-block-column-is-layout-flow\">\n<p><strong>Quartier N<br><\/strong><em><em>otre b\u00e2timent est situ\u00e9 en plein centre de Benidorm, avec un quartier tr\u00e8s peu touristique et tr\u00e8s calme. Pour respecter la zone, aucune f\u00eate ou enterrement de vie de gar\u00e7on n\u2019est autoris\u00e9 dans les appartements. De m\u00eame, la r\u00e9glementation municipale du bruit sera tr\u00e8s pr\u00e9sente. Nous voulons que votre s\u00e9jour soit calme et nous ferons tout notre possible pour y parvenir.<\/em><\/em><\/p>\n<\/div>\n<\/div>\n\n\n\n<div style=\"height:32px\" aria-hidden=\"true\" class=\"wp-block-spacer\"><\/div>\n<\/div><\/div>\n\n\n\n<hr class=\"wp-block-separator\"\/>\n\n\n\n<div class=\"wp-block-group alignfull\"><div class=\"wp-block-group__inner-container is-layout-flow wp-block-group-is-layout-flow\">\n<div style=\"height:32px\" aria-hidden=\"true\" class=\"wp-block-spacer\"><\/div>\n\n\n\n<h1 class=\"has-text-align-center wp-block-heading\">Services des chambres <\/h1>\n\n\n\n<div style=\"height:20px\" aria-hidden=\"true\" class=\"wp-block-spacer\"><\/div>\n\n\n\n<div class=\"wp-block-columns alignwide is-layout-flex wp-container-13 wp-block-columns-is-layout-flex\">\n<div class=\"wp-block-column is-layout-flow wp-block-column-is-layout-flow\">\n<p><strong>Wifi<br><\/strong><i>Toutes les appartements disposent d\u2019un r\u00e9seau wifi et d\u2019une Smart TV avec Netflix<\/i> <\/p>\n<\/div>\n\n\n\n<div class=\"wp-block-column is-layout-flow wp-block-column-is-layout-flow\">\n<p><strong>Draps et serviette<\/strong><br><em>sLes appartements disposent de serviettes et de draps qui sont d\u00e9sinfect\u00e9s par un service de blanchisserie industrie<\/em>l. <\/p>\n\n\n\n<p><em>Pour les s\u00e9jours de plus d\u2019une semaine, le linge de lit et les serviettes seront chang\u00e9s<\/em><\/p>\n<\/div>\n\n\n\n<div class=\"wp-block-column is-layout-flow wp-block-column-is-layout-flow\">\n<p><strong>\u00c9quipement des cuisinesLes cuis<\/strong><br><em>ines sont enti\u00e8rement \u00e9quip\u00e9es avec de la vaisselle et des ustensiles de cuisine. Elles disposent d\u2019un four micro-ondes avec grill, r\u00e9frig\u00e9rateur, plaque de cuisson et lave-vaisselle. <\/em><\/p>\n\n\n\n<p><em>Tous les appartements disposent de leur propre machine \u00e0 laver, d\u2019une corde \u00e0 linge, d\u2019un fer et d\u2019une planche \u00e0 repasser. <\/em><\/p>\n<\/div>\n<\/div>\n\n\n\n<div class=\"wp-block-columns alignwide is-layout-flex wp-container-17 wp-block-columns-is-layout-flex\">\n<div class=\"wp-block-column is-layout-flow wp-block-column-is-layout-flow\">\n<p><strong>\u00c9quipement des salles de bains N<br><\/strong><em>ous avons des salles de bains avec douche ou baignoire, et toutes comprennent des serviettes et un s\u00e8che-cheveu<\/em>x.<\/p>\n\n\n\n<p><em>Nous fournissons \u00e9galement des \u00e9quipements de shampooing, de gel douche et de papier hygi\u00e9nique.<\/em><\/p>\n<\/div>\n\n\n\n<div class=\"wp-block-column is-layout-flow wp-block-column-is-layout-flow\">\n<p><strong>Accessibilit\u00e9 handicap\u00e9s <br><\/strong><em>Nos appartements sont enti\u00e8rement accessibles aux handicap\u00e9s. L\u2019un de nos appartements est adapt\u00e9 et comprend un service d\u2019urgence, une salle de bains adapt\u00e9e et une cuisine accessible.<\/em><\/p>\n\n\n\n<p><em>Contactez-nous pour effectuer la r\u00e9servation sp\u00e9cifique de cet appartement. <\/em><\/p>\n<\/div>\n\n\n\n<div class=\"wp-block-column is-layout-flow wp-block-column-is-layout-flow\">\n<p><strong>Services suppl\u00e9m<\/strong><br><em>entairesLes appartements disposent d\u2019un service de coffres-forts et de location de chariots et de lits pour les petits de la maison. Si vous \u00eates int\u00e9ress\u00e9, n\u2019h\u00e9sitez pas \u00e0 nous contacter avant votre arriv\u00e9e pour tout pr\u00e9parer. <\/em><\/p>\n<\/div>\n<\/div>\n\n\n\n<div style=\"height:32px\" aria-hidden=\"true\" class=\"wp-block-spacer\"><\/div>\n<\/div><\/div>\n\n\n\n<hr class=\"wp-block-separator\"\/>\n\n\n\n<div class=\"wp-block-group alignfull\"><div class=\"wp-block-group__inner-container is-layout-flow wp-block-group-is-layout-flow\">\n<div style=\"height:32px\" aria-hidden=\"true\" class=\"wp-block-spacer\"><\/div>\n\n\n\n<h1 class=\"has-text-align-center wp-block-heading\">acc\u00e8s<\/h1>\n\n\n\n<div style=\"height:20px\" aria-hidden=\"true\" class=\"wp-block-spacer\"><\/div>\n\n\n\n<div class=\"wp-block-columns alignwide is-layout-flex wp-container-21 wp-block-columns-is-layout-flex\">\n<div class=\"wp-block-column is-layout-flow wp-block-column-is-layout-flow\">\n<p><strong>Acc\u00e8s en voiture<\/strong><br><em> Les appartements b\u00e9n\u00e9ficient d\u2019un emplacement perfetca, dans une zone pi\u00e9tonne tr\u00e8s calme, en pleine vieille ville.  Les parkings les plus proches se trouvent \u00e0 moins de 200 m\u00e8tre<\/em>s.<\/p>\n\n\n\n<p><a href=\"https:\/\/www.parkingruzafa.com\/\">https:\/\/www.parkingruzafa.com\/<\/a><\/p>\n\n\n\n<p><a href=\"https:\/\/aparcamientosaljamil.com\/busca-tu-parking\/parking-mercado\/\">https:\/\/aparcamientosaljamil.com\/busca-tu-parking\/parking-mercado\/<\/a><\/p>\n\n\n\n<p><\/p>\n<\/div>\n\n\n\n<div class=\"wp-block-column is-layout-flow wp-block-column-is-layout-flow\">\n<p><strong>Navette AVE<\/strong><br><em>L\u2019AVE arrive \u00e0 Alicante et dispose d\u2019un service de navette fourni par la soci\u00e9t\u00e9 ALSA, qui dispose de 4 arr\u00eats \u00e0 Benidorm. Le plus proche de Maremar se trouve sur l\u2019Avenida Jaime I (\u00e0 600 m\u00e8tres de Maremar).<\/em><\/p>\n<\/div>\n<\/div>\n\n\n\n<div class=\"wp-block-columns alignwide is-layout-flex wp-container-24 wp-block-columns-is-layout-flex\">\n<div class=\"wp-block-column is-layout-flow wp-block-column-is-layout-flow\">\n<p><strong>Tax<\/strong><br><em>iLe service de taxi le plus proche se trouve \u00e0 500 m\u00e8tres, rue Ruzafa. <\/em><\/p>\n<\/div>\n\n\n\n<div class=\"wp-block-column is-layout-flow wp-block-column-is-layout-flow\">\n<p><strong>A\u00e9roport Altet-Elch<\/strong><br><em>eIl y a des bus directs depuis l\u2019a\u00e9roport d\u2019Alicante, g\u00e9r\u00e9s par la soci\u00e9t\u00e9 ALSA.<\/em> <em>Il y a environ 15 services par jour, le premier \u00e0 5h00 et le dernier \u00e0 22h10<\/em>.<\/p>\n\n\n\n<p><a href=\"https:\/\/www.alsa.es\/ruta\/benidorm-aeropuerto-alicante-altet\">https:\/\/www.alsa.es\/ruta\/benidorm-aeropuerto-alicante-altet<\/a><\/p>\n<\/div>\n<\/div>\n\n\n\n<div style=\"height:32px\" aria-hidden=\"true\" class=\"wp-block-spacer\"><\/div>\n<\/div><\/div>\n\n\n\n<div style=\"height:20px\" aria-hidden=\"true\" class=\"wp-block-spacer\"><\/div>\n\n\n\n<p class=\"has-vivid-cyan-blue-color has-text-color\">Cliquez ici pour consulter nos r\u00e8gles de r\u00e9gime interne.<\/p>\n\n\n\n<a class=\"maxbutton-1 maxbutton maxbutton-reserva-ahora\" target=\"_blank\" rel=\"noopener\" href=\"http:\/\/maremarbenidorm.com\/index.php\/normas-de-regimen-interno\/\"><span class='mb-text'>R\u00e9gimen Interno<\/span><\/a>\n\n\n\n<hr class=\"wp-block-separator\"\/>\n\n\n\n<p class=\"has-text-align-center has-foreground-light-color has-text-color\"><em>&#8230;<\/em>.<\/p>\n","protected":false},"excerpt":{"rendered":"<p>R\u00e9ception et arriv\u00e9e Collecte des cl\u00e9sLa collecte se fait dans les appartements o\u00f9 nous vous attendrons. Pour rester avec nous, vous pouvez nous \u00e9crire sur WhatsApp ou nous appeler au +34 644 976 613 Heure d\u2019arriv\u00e9e et de d\u00e9partL\u2019enregistrement aura lieu \u00e0 partir de 15h et le d\u00e9part \u00e0 12h. Nous vous attendrons \u00e0 l\u2019heure <a class=\"read-more\" href=\"https:\/\/maremarbenidorm.com\/index.php\/fr\/faq-3\/\">READ MORE<\/a><\/p>\n","protected":false},"author":1,"featured_media":0,"parent":0,"menu_order":0,"comment_status":"closed","ping_status":"closed","template":"template-full-width.php","meta":{"footnotes":""},"_links":{"self":[{"href":"https:\/\/maremarbenidorm.com\/index.php\/wp-json\/wp\/v2\/pages\/633"}],"collection":[{"href":"https:\/\/maremarbenidorm.com\/index.php\/wp-json\/wp\/v2\/pages"}],"about":[{"href":"https:\/\/maremarbenidorm.com\/index.php\/wp-json\/wp\/v2\/types\/page"}],"author":[{"embeddable":true,"href":"https:\/\/maremarbenidorm.com\/index.php\/wp-json\/wp\/v2\/users\/1"}],"replies":[{"embeddable":true,"href":"https:\/\/maremarbenidorm.com\/index.php\/wp-json\/wp\/v2\/comments?post=633"}],"version-history":[{"count":1,"href":"https:\/\/maremarbenidorm.com\/index.php\/wp-json\/wp\/v2\/pages\/633\/revisions"}],"predecessor-version":[{"id":638,"href":"https:\/\/maremarbenidorm.com\/index.php\/wp-json\/wp\/v2\/pages\/633\/revisions\/638"}],"wp:attachment":[{"href":"https:\/\/maremarbenidorm.com\/index.php\/wp-json\/wp\/v2\/media?parent=633"}],"curies":[{"name":"wp","href":"https:\/\/api.w.org\/{rel}","templated":true}]}}